{"id":1265,"date":"2020-12-02T21:32:14","date_gmt":"2020-12-02T21:32:14","guid":{"rendered":"https:\/\/adlerspa.com\/key-table"},"modified":"2020-12-02T21:58:14","modified_gmt":"2020-12-02T21:58:14","slug":"key-table","status":"publish","type":"page","link":"https:\/\/adlerspa.com\/en\/key-table","title":{"rendered":"Key table"},"content":{"rendered":"\t\t<div data-elementor-type=\"wp-page\" data-elementor-id=\"1265\" data-post-id=\"1265\" data-obj-id=\"1265\" class=\"elementor elementor-1265 dce-elementor-post-1265 elementor-1028\" data-elementor-settings=\"[]\">\n\t\t\t\t\t\t<div class=\"elementor-inner\">\n\t\t\t\t\t\t\t<div class=\"elementor-section-wrap\">\n\t\t\t\t\t\t\t<section class=\"elementor-section elementor-top-section elementor-element elementor-element-e470925 elementor-section-full_width elementor-section-height-default elementor-section-height-default\" data-id=\"e470925\" data-element_type=\"section\">\n\t\t\t\t\t\t<div class=\"elementor-container elementor-column-gap-default\">\n\t\t\t\t\t\t\t<div class=\"elementor-row\">\n\t\t\t\t\t<div class=\"elementor-column elementor-col-100 elementor-top-column elementor-element elementor-element-c3d4b9d\" data-id=\"c3d4b9d\" data-element_type=\"column\">\n\t\t\t<div class=\"elementor-column-wrap elementor-element-populated\">\n\t\t\t\t\t\t\t<div class=\"elementor-widget-wrap\">\n\t\t\t\t\t\t<div class=\"elementor-element elementor-element-55e59d7 elementor-widget elementor-widget-html\" data-id=\"55e59d7\" data-element_type=\"widget\" data-widget_type=\"html.default\">\n\t\t\t\t<div class=\"elementor-widget-container\">\n\t\t\t<table class=\"tableblue\" style=\"width:350px; \">\r\n   \r\n    <tbody><tr><th style=\"width:30px; \">COD<\/th>\r\n\r\n    <th>1\u00aa \r\n      LETTER = BORE<\/th>\r\n  <\/tr>\r\n  <tr> \r\n    <td class=\"tablebluedark\">F<\/td>\r\n    <td>FULL<\/td>\r\n  <\/tr>\r\n  <tr> \r\n    <td class=\"tablebluedark\">V<\/td>\r\n\r\n    <td>VENTURI<\/td>\r\n  <\/tr>\r\n  <tr> \r\n    <td class=\"tablebluedark\">R<\/td>\r\n    <td>REDUCED<\/td>\r\n  <\/tr>\r\n  \r\n  <\/tbody><\/table>\t\t<\/div>\n\t\t\t\t<\/div>\n\t\t\t\t<div class=\"elementor-element elementor-element-c74dfc6 elementor-widget elementor-widget-html\" data-id=\"c74dfc6\" data-element_type=\"widget\" data-widget_type=\"html.default\">\n\t\t\t\t<div class=\"elementor-widget-container\">\n\t\t\t<table class=\"tableblue\" style=\"width:350px; \">\r\n   <tbody><tr> \r\n    <th style=\"width:30px; \">COD\r\n    <\/th><th>2\u00aa \r\n      LETTER = TYPE\r\n  <\/th><\/tr>\r\n  <tr> \r\n    <td class=\"tablebluedark\">A<\/td>\r\n\r\n    <td>WAFER \r\n      FROM BAR<br>\r\n      PN 6\u00f740 ANSI 150-300<\/td>\r\n  <\/tr>\r\n  <tr> \r\n     <td class=\"tablebluedark\">B<\/td>\r\n    <td>WAFER \r\n      FROM CASTING<br>\r\n      PN 6\u00f740 ANSI 150-300 <\/td>\r\n\r\n  <\/tr>\r\n  <tr> \r\n    <td class=\"tablebluedark\">C<\/td>\r\n    <td>WAFER \r\n      FROM BAR<br>\r\n      PN 63\u00f7250 ANSI 600-2500<\/td>\r\n  <\/tr>\r\n  <tr> \r\n    <td class=\"tablebluedark\">D<\/td>\r\n\r\n    <td>WAFER \r\n      FROM CASTING<br>\r\n      PN 63\u00f7250 ANSI 600-2500 <\/td>\r\n  <\/tr>\r\n  <tr> \r\n     <td class=\"tablebluedark\">E<\/td>\r\n    <td>SPLIT \r\n      BODY<br>\r\n      ANSI 150 - B 16-10 ISO SHORT<\/td>\r\n\r\n  <\/tr>\r\n  <tr> \r\n    <td class=\"tablebluedark\">F<\/td>\r\n    <td>SPLIT \r\n      BODY<br>\r\n      ANSI 150 - B 16-10 ISO MEDIUM<\/td>\r\n  <\/tr>\r\n  <tr> \r\n    <td class=\"tablebluedark\">G<\/td>\r\n\r\n    <td>SPLIT \r\n      BODY<br>\r\n      ANSI 300 - B 16-10 ISO SHORT<\/td>\r\n  <\/tr>\r\n  <tr> \r\n    <td class=\"tablebluedark\">H<\/td>\r\n    <td>SPLIT \r\n      BODY ANSI 600 - B 16-10<\/td>\r\n  <\/tr>\r\n\r\n  <tr> \r\n    <td class=\"tablebluedark\">I<\/td>\r\n    <td>SPLIT \r\n      BODY ANSI 900 - B 16-10<\/td>\r\n  <\/tr>\r\n  <tr> \r\n    <td class=\"tablebluedark\">L<\/td>\r\n    <td>SPLIT \r\n      BODY ANSI 1500 - B 16-10<\/td>\r\n  <\/tr>\r\n\r\n  <tr> \r\n    <td class=\"tablebluedark\">Q<\/td>\r\n    <td>SPLIT \r\n      BODY ANSI 2500<\/td>\r\n  <\/tr>\r\n  <tr> \r\n    <td class=\"tablebluedark\">M<\/td>\r\n    <td>SPLIT \r\n      BODY PN 6\u00f740 DIN 3202 F4\/5<\/td>\r\n\r\n  <\/tr>\r\n  <tr> \r\n    <td class=\"tablebluedark\">N<\/td>\r\n    <td>SPLIT \r\n      BODY<br>\r\n      PN 6\u00f7160 DIN 3202 F1 - ISO LONG<\/td>\r\n  <\/tr>\r\n  <tr> \r\n    <td class=\"tablebluedark\">O<\/td>\r\n\r\n    <td>CLASSE \r\n      PN 40 BRASS<\/td>\r\n  <\/tr>\r\n  <tr> \r\n    <td class=\"tablebluedark\">P<\/td>\r\n    <td>CLASSE \r\n      800 THREADED - S.W. - B.W.<\/td>\r\n  <\/tr>\r\n  <tr> \r\n    <td class=\"tablebluedark\">R<\/td>\r\n\r\n    <td>CLASSE \r\n      800\u00f73000 S.W. - B.W. WITH NIPPLES<\/td>\r\n  <\/tr>\r\n  <tr> \r\n    <td class=\"tablebluedark\">S<\/td>\r\n    <td>CLASSE \r\n      3000 THREADED<\/td>\r\n  <\/tr>\r\n  <tr> \r\n    <td class=\"tablebluedark\">U<\/td>\r\n\r\n    <td>3 \r\n      WAY 120\u00b0 WAFER<\/td>\r\n  <\/tr>\r\n  <tr> \r\n    <td class=\"tablebluedark\">V<\/td>\r\n    <td>3 \r\n      WAY 90\u00b0<\/td>\r\n  <\/tr>\r\n  <tr> \r\n    <td class=\"tablebluedark\">T<\/td>\r\n\r\n    <td>WAFER \r\n      90\u00b0 4 SEAT<\/td>\r\n  <\/tr>\r\n  <tr> \r\n    <td class=\"tablebluedark\">Z<\/td>\r\n    <td>WAFER \r\n      90\u00b0 2 SEAT<\/td>\r\n  <\/tr>\r\n\r\n  <tr> \r\n    <td class=\"tablebluedark\">X<\/td>\r\n    <td>VALVE \r\n      TYPE \"A\" WITH JACKET<\/td>\r\n  <\/tr>\r\n  <tr> \r\n    <td class=\"tablebluedark\">Y<\/td>\r\n    <td>VALVE \r\n      TYPE \"B\" WITH JACKET<\/td>\r\n\r\n  <\/tr>\r\n  <tr> \r\n    <td class=\"tablebluedark\">K<\/td>\r\n    <td>VALVE \r\n      TYPE \"E-G\" WITH JACKET<\/td>\r\n  <\/tr>\r\n  <tr> \r\n    <td class=\"tablebluedark\">J<\/td>\r\n\r\n    <td>VALVE \r\n      TYPE \"M\" WITH JACKET<\/td>\r\n  <\/tr>\r\n\r\n  \r\n  \r\n  <\/tbody><\/table>\t\t<\/div>\n\t\t\t\t<\/div>\n\t\t\t\t<div class=\"elementor-element elementor-element-2d680d9 elementor-widget elementor-widget-html\" data-id=\"2d680d9\" data-element_type=\"widget\" data-widget_type=\"html.default\">\n\t\t\t\t<div class=\"elementor-widget-container\">\n\t\t\t<table class=\"tableblue\" style=\"width:350px; \"> \r\n    <tbody><tr><th style=\"width:30px; \">COD<\/th>\r\n\r\n    <th>3\u00aa \r\n      NUMBER = SHAPE<\/th>\r\n  <\/tr>\r\n  <tr> \r\n    <td class=\"tablebluedark\">1<\/td>\r\n    <td>WAFER<\/td>\r\n  <\/tr>\r\n  <tr> \r\n    <td class=\"tablebluedark\">2<\/td>\r\n\r\n    <td>SPLIT \r\n      BODY<\/td>\r\n  <\/tr>\r\n  <tr> \r\n     <td class=\"tablebluedark\">3<\/td>\r\n    <td>3 \r\n      PIECE<\/td>\r\n  <\/tr>\r\n  <tr> \r\n     <td class=\"tablebluedark\">4<\/td>\r\n\r\n    <td>3 \r\n      WAY FLANGED<\/td>\r\n  <\/tr>\r\n  <tr> \r\n     <td class=\"tablebluedark\">5<\/td>\r\n    <td>4 \r\n      WAY FLANGED<\/td>\r\n  <\/tr>\r\n  <tr> \r\n     <td class=\"tablebluedark\">6<\/td>\r\n\r\n    <td>3 \r\n      WAY THREADED<\/td>\r\n  <\/tr>\r\n  <tr> \r\n    <td class=\"tablebluedark\">7<\/td>\r\n    <td>4 \r\n      WAY THREADED<\/td>\r\n  <\/tr>\r\n  <tr>\r\n    <td class=\"tablebluedark\">8<\/td>\r\n\r\n    <td> \r\n      END TANK EXECUTION<\/td>\r\n  <\/tr>\r\n<\/tbody><\/table>\t\t<\/div>\n\t\t\t\t<\/div>\n\t\t\t\t\t\t<\/div>\n\t\t\t\t\t<\/div>\n\t\t<\/div>\n\t\t\t\t\t\t\t\t<\/div>\n\t\t\t\t\t<\/div>\n\t\t<\/section>\n\t\t\t\t\t\t<\/div>\n\t\t\t\t\t\t<\/div>\n\t\t\t\t\t<\/div>\n\t\t","protected":false},"excerpt":{"rendered":"<p>COD 1\u00aa LETTER = BORE F FULL V VENTURI R REDUCED COD 2\u00aa LETTER = TYPE A WAFER FROM BAR PN 6\u00f740 ANSI 150-300 B WAFER FROM CASTING PN 6\u00f740 ANSI 150-300 C WAFER FROM BAR PN 63\u00f7250 ANSI 600-2500 D WAFER FROM CASTING PN 63\u00f7250 ANSI 600-2500 E SPLIT BODY ANSI 150 &#8211; B [&hellip;]<\/p>\n","protected":false},"author":1,"featured_media":1041,"parent":0,"menu_order":0,"comment_status":"closed","ping_status":"closed","template":"","meta":[],"yoast_head":"<!-- This site is optimized with the Yoast SEO plugin v15.3 - https:\/\/yoast.com\/wordpress\/plugins\/seo\/ -->\n<title>Key table - Adler S.p.a.<\/title>\n<meta name=\"robots\" content=\"index, follow, max-snippet:-1, max-image-preview:large, max-video-preview:-1\" \/>\n<link rel=\"canonical\" href=\"https:\/\/adlerspa.com\/en\/chiave-dei-codici\" \/>\n<meta property=\"og:locale\" content=\"en_US\" \/>\n<meta property=\"og:type\" content=\"article\" \/>\n<meta property=\"og:title\" content=\"Key table - Adler S.p.a.\" \/>\n<meta property=\"og:description\" content=\"COD 1\u00aa LETTER = BORE F FULL V VENTURI R REDUCED COD 2\u00aa LETTER = TYPE A WAFER FROM BAR PN 6\u00f740 ANSI 150-300 B WAFER FROM CASTING PN 6\u00f740 ANSI 150-300 C WAFER FROM BAR PN 63\u00f7250 ANSI 600-2500 D WAFER FROM CASTING PN 63\u00f7250 ANSI 600-2500 E SPLIT BODY ANSI 150 &#8211; B [&hellip;]\" \/>\n<meta property=\"og:url\" content=\"https:\/\/adlerspa.com\/chiave-dei-codici\" \/>\n<meta property=\"og:site_name\" content=\"Adler S.p.a.\" \/>\n<meta property=\"article:modified_time\" content=\"2020-12-02T21:58:14+00:00\" \/>\n<meta property=\"og:image\" content=\"https:\/\/adlerspa.com\/wp-content\/uploads\/2020\/12\/default.png\" \/>\n\t<meta property=\"og:image:width\" content=\"250\" \/>\n\t<meta property=\"og:image:height\" content=\"250\" \/>\n<meta name=\"twitter:card\" content=\"summary_large_image\" \/>\n<meta name=\"twitter:label1\" content=\"Written by\">\n\t<meta name=\"twitter:data1\" content=\"w3adler_f\">\n\t<meta name=\"twitter:label2\" content=\"Est. reading time\">\n\t<meta name=\"twitter:data2\" content=\"1 minute\">\n<script type=\"application\/ld+json\" class=\"yoast-schema-graph\">{\"@context\":\"https:\/\/schema.org\",\"@graph\":[{\"@type\":\"WebSite\",\"@id\":\"https:\/\/adlerspa.com\/#website\",\"url\":\"https:\/\/adlerspa.com\/\",\"name\":\"Adler S.p.a.\",\"description\":\"Produzione e vendita valvole a sfera\",\"potentialAction\":[{\"@type\":\"SearchAction\",\"target\":\"https:\/\/adlerspa.com\/?s={search_term_string}\",\"query-input\":\"required name=search_term_string\"}],\"inLanguage\":\"en-US\"},{\"@type\":\"ImageObject\",\"@id\":\"https:\/\/adlerspa.com\/chiave-dei-codici#primaryimage\",\"inLanguage\":\"en-US\",\"url\":\"https:\/\/adlerspa.com\/wp-content\/uploads\/2020\/12\/default.png\",\"width\":250,\"height\":250},{\"@type\":\"WebPage\",\"@id\":\"https:\/\/adlerspa.com\/chiave-dei-codici#webpage\",\"url\":\"https:\/\/adlerspa.com\/chiave-dei-codici\",\"name\":\"Key table - Adler S.p.a.\",\"isPartOf\":{\"@id\":\"https:\/\/adlerspa.com\/#website\"},\"primaryImageOfPage\":{\"@id\":\"https:\/\/adlerspa.com\/chiave-dei-codici#primaryimage\"},\"datePublished\":\"2020-12-02T21:32:14+00:00\",\"dateModified\":\"2020-12-02T21:58:14+00:00\",\"breadcrumb\":{\"@id\":\"https:\/\/adlerspa.com\/chiave-dei-codici#breadcrumb\"},\"inLanguage\":\"en-US\",\"potentialAction\":[{\"@type\":\"ReadAction\",\"target\":[\"https:\/\/adlerspa.com\/chiave-dei-codici\"]}]},{\"@type\":\"BreadcrumbList\",\"@id\":\"https:\/\/adlerspa.com\/chiave-dei-codici#breadcrumb\",\"itemListElement\":[{\"@type\":\"ListItem\",\"position\":1,\"item\":{\"@type\":\"WebPage\",\"@id\":\"https:\/\/adlerspa.com\/en\",\"url\":\"https:\/\/adlerspa.com\/en\",\"name\":\"Home\"}},{\"@type\":\"ListItem\",\"position\":2,\"item\":{\"@type\":\"WebPage\",\"@id\":\"https:\/\/adlerspa.com\/chiave-dei-codici\",\"url\":\"https:\/\/adlerspa.com\/chiave-dei-codici\",\"name\":\"Key table\"}}]}]}<\/script>\n<!-- \/ Yoast SEO plugin. -->","_links":{"self":[{"href":"https:\/\/adlerspa.com\/en\/wp-json\/wp\/v2\/pages\/1265"}],"collection":[{"href":"https:\/\/adlerspa.com\/en\/wp-json\/wp\/v2\/pages"}],"about":[{"href":"https:\/\/adlerspa.com\/en\/wp-json\/wp\/v2\/types\/page"}],"author":[{"embeddable":true,"href":"https:\/\/adlerspa.com\/en\/wp-json\/wp\/v2\/users\/1"}],"replies":[{"embeddable":true,"href":"https:\/\/adlerspa.com\/en\/wp-json\/wp\/v2\/comments?post=1265"}],"version-history":[{"count":5,"href":"https:\/\/adlerspa.com\/en\/wp-json\/wp\/v2\/pages\/1265\/revisions"}],"predecessor-version":[{"id":1293,"href":"https:\/\/adlerspa.com\/en\/wp-json\/wp\/v2\/pages\/1265\/revisions\/1293"}],"wp:featuredmedia":[{"embeddable":true,"href":"https:\/\/adlerspa.com\/en\/wp-json\/wp\/v2\/media\/1041"}],"wp:attachment":[{"href":"https:\/\/adlerspa.com\/en\/wp-json\/wp\/v2\/media?parent=1265"}],"curies":[{"name":"wp","href":"https:\/\/api.w.org\/{rel}","templated":true}]}}